{"id":168,"date":"2018-12-26T09:38:51","date_gmt":"2018-12-26T09:38:51","guid":{"rendered":"https:\/\/websitedemos.net\/charity-02\/?page_id=168"},"modified":"2019-08-04T13:33:18","modified_gmt":"2019-08-04T13:33:18","slug":"blog","status":"publish","type":"page","link":"https:\/\/agbowo.org\/artsnchill\/blog\/","title":{"rendered":"Blog"},"content":{"rendered":"\n<section class=\"wp-block-uagb-section uagb-section__wrap uagb-section__background-image\" id=\"uagb-section-8a1b07ea-3b2b-4e6d-865a-c51573335fc8\"><div class=\"uagb-section__overlay\"><\/div><div class=\"uagb-section__inner-wrap\">\n<div class=\"wp-block-uagb-advanced-heading\" id=\"uagb-adv-heading-f1340024-23cd-4326-b811-971e5eb68c6a\"><h1 class=\"uagb-heading-text\"> <br>BLOG<\/h1><div class=\"uagb-separator-wrap\"><div class=\"uagb-separator\"><\/div><\/div><p class=\"uagb-desc-text\">WE SUPPORT CHILDREN AND YOUTH TO REACH THEIR FULL POTENTIAL<\/p><\/div>\n<\/div><\/section>\n\n\n\n<section class=\"wp-block-uagb-section uagb-section__wrap uagb-section__background-color\" id=\"uagb-section-19f42ac4-cc50-496c-8569-06266eac163e\"><div class=\"uagb-section__overlay\"><\/div><div class=\"uagb-section__inner-wrap\">\t<div id=\"uagb-post__grid-0a5b11e9-0d5f-4381-bd34-4c30155e9c2a\" class=\"uagb-post-grid  uagb-post__image-position-top\">\n\n\t\t<div class=\"uagb-post__items uagb-post__columns-1 is-grid uagb-post__columns-tablet-2 uagb-post__columns-mobile-1 uagb-post__equal-height\">\n\n\t\t<article>\n\t\t<div class=\"uagb-post__inner-wrap\">\n\t\t\t\t\t\t<div class=\"uagb-post__text\">\n\t\t\t\t<h3 class=\"uagb-post__title\">\n\t\t<a href=\"https:\/\/agbowo.org\/artsnchill\/announcement-agbowo-acquires-art-events-platform-artnchill\/\" target=\"_self\" rel=\"bookmark noopener noreferrer\">Announcement: Agbow\u00f3 Acquires Art Events Platform, ArtnChill<\/a>\n\t<\/h3>\n\t\t\t\t\t<div class=\"uagb-post-grid-byline\"><time datetime=\"2019-03-24T23:54:25+00:00\" class=\"uagb-post__date\"><span class=\"dashicons-calendar dashicons\"><\/span>March 24, 2019<\/time><span class=\"uagb-post__comment\"><span class=\"dashicons-admin-comments dashicons\"><\/span>No Comments<\/span><\/div>\n\t\t\t\t\t<div class=\"uagb-post__excerpt\">\n\t\tIt is with a feeling of immense joy that I bring you news of Agbow\u00f3\u2019s acquisition of the \u00ccb\u00e0d\u00e0n-based art events initiative, ArtsNChill. This is part of a string of moves Agbow\u00f3 is making to provide the ultimate art experience, be it in the stories and poetry that the e-zine&hellip;\t<\/div>\n\t\t\t\t\t<div class=\"uagb-post__cta\">\n\t\t<a class=\"uagb-post__link uagb-text-link\" href=\"https:\/\/agbowo.org\/artsnchill\/announcement-agbowo-acquires-art-events-platform-artnchill\/\" target=\"_self\" rel=\"bookmark noopener noreferrer\">Read More<\/a>\n\t<\/div>\n\t\t\t<\/div>\n\t<\/div>\n\t<\/article>\n\t\t<\/div>\n\t<\/div>\n\t\n\n\n<div class=\"wp-block-uagb-advanced-heading\" id=\"uagb-adv-heading-d2e0da4e-9730-4c82-8b2d-9948b4df5180\"><h2 class=\"uagb-heading-text\"><\/h2><div class=\"uagb-separator-wrap\"><div class=\"uagb-separator\"><\/div><\/div><p class=\"uagb-desc-text\"><\/p><\/div>\n<\/div><\/section>\n\n\n\n<section class=\"wp-block-uagb-section uagb-section__wrap uagb-section__background-undefined\" id=\"uagb-section-bfb7d0fc-a80e-4599-9e15-6228b36e2a64\"><div class=\"uagb-section__overlay\"><\/div><div class=\"uagb-section__inner-wrap\">\t<div id=\"uagb-post__grid-836f8cb7-d411-4b81-bb23-e22ce120b982\" class=\"uagb-post-grid  uagb-post__image-position-top\">\n\n\t\t<div class=\"uagb-post__items uagb-post__columns-3 is-grid uagb-post__columns-tablet-2 uagb-post__columns-mobile-1 uagb-post__equal-height\">\n\n\t\t<article>\n\t\t<div class=\"uagb-post__inner-wrap\">\n\t\t\t\t\t<div class='uagb-post__image'>\n\t\t<a href=\"https:\/\/agbowo.org\/artsnchill\/dami-ajayis-workshop-and-poetry-reading-hosted-by-artsnchill\/\" target=\"_self\" rel=\"bookmark noopener noreferrer\"><img width=\"1024\" height=\"1024\" src=\"https:\/\/agbowo.org\/artsnchill\/wp-content\/uploads\/2019\/08\/IMG_3600-1024x1024.jpg\" class=\"attachment-large size-large\" alt=\"\" loading=\"lazy\" srcset=\"https:\/\/agbowo.org\/artsnchill\/wp-content\/uploads\/2019\/08\/IMG_3600-1024x1024.jpg 1024w, https:\/\/agbowo.org\/artsnchill\/wp-content\/uploads\/2019\/08\/IMG_3600-150x150.jpg 150w, https:\/\/agbowo.org\/artsnchill\/wp-content\/uploads\/2019\/08\/IMG_3600-300x300.jpg 300w, https:\/\/agbowo.org\/artsnchill\/wp-content\/uploads\/2019\/08\/IMG_3600-768x768.jpg 768w, https:\/\/agbowo.org\/artsnchill\/wp-content\/uploads\/2019\/08\/IMG_3600-100x100.jpg 100w\" sizes=\"(max-width: 1024px) 100vw, 1024px\" \/>\t\t<\/a>\n\t<\/div>\n\t\t\t<div class=\"uagb-post__text\">\n\t\t\t\t<h4 class=\"uagb-post__title\">\n\t\t<a href=\"https:\/\/agbowo.org\/artsnchill\/dami-ajayis-workshop-and-poetry-reading-hosted-by-artsnchill\/\" target=\"_self\" rel=\"bookmark noopener noreferrer\">Dami Ajayi&#8217;s Workshop and Poetry Reading hosted by ArtsnChill<\/a>\n\t<\/h4>\n\t\t\t\t\t<div class=\"uagb-post-grid-byline\"><time datetime=\"2019-08-04T12:58:18+00:00\" class=\"uagb-post__date\"><span class=\"dashicons-calendar dashicons\"><\/span>August 4, 2019<\/time><span class=\"uagb-post__comment\"><span class=\"dashicons-admin-comments dashicons\"><\/span>No Comments<\/span><\/div>\n\t\t\t\t\t<div class=\"uagb-post__excerpt\">\n\t\tWe were delighted to host our first literary arts workshop&hellip;\t<\/div>\n\t\t\t\t\t<div class=\"uagb-post__cta\">\n\t\t<a class=\"uagb-post__link uagb-text-link\" href=\"https:\/\/agbowo.org\/artsnchill\/dami-ajayis-workshop-and-poetry-reading-hosted-by-artsnchill\/\" target=\"_self\" rel=\"bookmark noopener noreferrer\">Read More<\/a>\n\t<\/div>\n\t\t\t<\/div>\n\t<\/div>\n\t<\/article>\n<article>\n\t\t<div class=\"uagb-post__inner-wrap\">\n\t\t\t\t\t<div class='uagb-post__image'>\n\t\t<a href=\"https:\/\/agbowo.org\/artsnchill\/arts-n-politics-with-bunmi-familoni\/\" target=\"_self\" rel=\"bookmark noopener noreferrer\"><img width=\"800\" height=\"1000\" src=\"https:\/\/agbowo.org\/artsnchill\/wp-content\/uploads\/2019\/03\/AnC.jpg\" class=\"attachment-large size-large\" alt=\"\" loading=\"lazy\" srcset=\"https:\/\/agbowo.org\/artsnchill\/wp-content\/uploads\/2019\/03\/AnC.jpg 800w, https:\/\/agbowo.org\/artsnchill\/wp-content\/uploads\/2019\/03\/AnC-600x750.jpg 600w\" sizes=\"(max-width: 800px) 100vw, 800px\" \/>\t\t<\/a>\n\t<\/div>\n\t\t\t<div class=\"uagb-post__text\">\n\t\t\t\t<h4 class=\"uagb-post__title\">\n\t\t<a href=\"https:\/\/agbowo.org\/artsnchill\/arts-n-politics-with-bunmi-familoni\/\" target=\"_self\" rel=\"bookmark noopener noreferrer\">Arts &#8216;n&#8217; Politics with Bunmi Familoni<\/a>\n\t<\/h4>\n\t\t\t\t\t<div class=\"uagb-post-grid-byline\"><time datetime=\"2019-03-25T00:00:55+00:00\" class=\"uagb-post__date\"><span class=\"dashicons-calendar dashicons\"><\/span>March 25, 2019<\/time><span class=\"uagb-post__comment\"><span class=\"dashicons-admin-comments dashicons\"><\/span>No Comments<\/span><\/div>\n\t\t\t\t\t<div class=\"uagb-post__excerpt\">\n\t\t\t<\/div>\n\t\t\t\t\t<div class=\"uagb-post__cta\">\n\t\t<a class=\"uagb-post__link uagb-text-link\" href=\"https:\/\/agbowo.org\/artsnchill\/arts-n-politics-with-bunmi-familoni\/\" target=\"_self\" rel=\"bookmark noopener noreferrer\">Read More<\/a>\n\t<\/div>\n\t\t\t<\/div>\n\t<\/div>\n\t<\/article>\n<article>\n\t\t<div class=\"uagb-post__inner-wrap\">\n\t\t\t\t\t<div class='uagb-post__image'>\n\t\t<a href=\"https:\/\/agbowo.org\/artsnchill\/announcement-agbowo-acquires-art-events-platform-artnchill\/\" target=\"_self\" rel=\"bookmark noopener noreferrer\"><img width=\"1024\" height=\"1024\" src=\"https:\/\/agbowo.org\/artsnchill\/wp-content\/uploads\/2019\/03\/acquisition-agbowo-22-1024x1024.png\" class=\"attachment-large size-large\" alt=\"\" loading=\"lazy\" srcset=\"https:\/\/agbowo.org\/artsnchill\/wp-content\/uploads\/2019\/03\/acquisition-agbowo-22-1024x1024.png 1024w, https:\/\/agbowo.org\/artsnchill\/wp-content\/uploads\/2019\/03\/acquisition-agbowo-22-150x150.png 150w, https:\/\/agbowo.org\/artsnchill\/wp-content\/uploads\/2019\/03\/acquisition-agbowo-22-300x300.png 300w, https:\/\/agbowo.org\/artsnchill\/wp-content\/uploads\/2019\/03\/acquisition-agbowo-22-768x768.png 768w, https:\/\/agbowo.org\/artsnchill\/wp-content\/uploads\/2019\/03\/acquisition-agbowo-22-600x600.png 600w, https:\/\/agbowo.org\/artsnchill\/wp-content\/uploads\/2019\/03\/acquisition-agbowo-22-100x100.png 100w, https:\/\/agbowo.org\/artsnchill\/wp-content\/uploads\/2019\/03\/acquisition-agbowo-22.png 1170w\" sizes=\"(max-width: 1024px) 100vw, 1024px\" \/>\t\t<\/a>\n\t<\/div>\n\t\t\t<div class=\"uagb-post__text\">\n\t\t\t\t<h4 class=\"uagb-post__title\">\n\t\t<a href=\"https:\/\/agbowo.org\/artsnchill\/announcement-agbowo-acquires-art-events-platform-artnchill\/\" target=\"_self\" rel=\"bookmark noopener noreferrer\">Announcement: Agbow\u00f3 Acquires Art Events Platform, ArtnChill<\/a>\n\t<\/h4>\n\t\t\t\t\t<div class=\"uagb-post-grid-byline\"><time datetime=\"2019-03-24T23:54:25+00:00\" class=\"uagb-post__date\"><span class=\"dashicons-calendar dashicons\"><\/span>March 24, 2019<\/time><span class=\"uagb-post__comment\"><span class=\"dashicons-admin-comments dashicons\"><\/span>No Comments<\/span><\/div>\n\t\t\t\t\t<div class=\"uagb-post__excerpt\">\n\t\tIt is with a feeling of immense joy that I&hellip;\t<\/div>\n\t\t\t\t\t<div class=\"uagb-post__cta\">\n\t\t<a class=\"uagb-post__link uagb-text-link\" href=\"https:\/\/agbowo.org\/artsnchill\/announcement-agbowo-acquires-art-events-platform-artnchill\/\" target=\"_self\" rel=\"bookmark noopener noreferrer\">Read More<\/a>\n\t<\/div>\n\t\t\t<\/div>\n\t<\/div>\n\t<\/article>\n\t\t<\/div>\n\t<\/div>\n\t<\/div><\/section>\n\n\n\n<section class=\"wp-block-uagb-section uagb-section__wrap uagb-section__background-image\" id=\"uagb-section-32a9df05-3458-4a5e-bdf6-aff238919516\"><div class=\"uagb-section__overlay\"><\/div><div class=\"uagb-section__inner-wrap\">\n<div class=\"uagb-infobox__outer-wrap\" id=\"uagb-infobox-4cdb0f08-ef22-4c52-bade-271079ca73ae\"><div class=\"uagb-infobox__content-wrap uagb-infobox uagb-infobox-has-icon uagb-infobox-icon-above-title uagb-infobox-image-valign-top uagb-infobox-enable-border-radius \"><div class=\"uagb-ifb-left-right-wrap\"><div class=\"uagb-ifb-content\"><div class=\"uagb-ifb-title-wrap\"><span class=\"uagb-ifb-title-prefix\">Prefix<\/span><h3 class=\"uagb-ifb-title\">VISIT AGBOWO.ORG TO READ SOME OF AFRICA&#8217;S FINEST WRITERS<\/h3><\/div><div class=\"uagb-ifb-separator-parent\"><div class=\"uagb-ifb-separator\"><\/div><\/div><div class=\"uagb-ifb-text-wrap\"><p class=\"uagb-ifb-desc\">SUPPORT US AND CHANGE THE COURSE OF A CHILD\u2019S LIFE TODAY!<\/p><div class=\"uagb-ifb-cta uagb-infobox-cta-link-style\"><div class=\"uagb-ifb-button-wrapper\"><a href=\"https:\/\/agbowo.org\" class=\"uagb-infobox-cta-link uagb-ifb-cta-button\" target=\"_blank\" rel=\"noopener noreferrer\"><span class=\"uagb-ifb-cta-content-wrapper\"><span class=\"uagb-inline-editing \">GO TO AGBOWO.ORG<\/span><\/span><\/a><\/div><\/div><\/div><\/div><\/div><\/div><\/div>\n<\/div><\/section>\n","protected":false},"excerpt":{"rendered":"","protected":false},"author":1,"featured_media":0,"parent":0,"menu_order":0,"comment_status":"closed","ping_status":"closed","template":"","meta":[],"uagb_featured_image_src":{"full":false,"thumbnail":false,"medium":false,"medium_large":false,"large":false,"thumblist":false,"meccarouselthumb":false,"1536x1536":false,"2048x2048":false,"woocommerce_thumbnail":false,"woocommerce_single":false,"woocommerce_gallery_thumbnail":false,"shop_catalog":false,"shop_single":false,"shop_thumbnail":false,"sow-carousel-default":false},"uagb_author_info":{"display_name":"agbowoevents","author_link":"https:\/\/agbowo.org\/artsnchill\/author\/agbowoevents\/"},"uagb_comment_info":0,"uagb_excerpt":null,"_links":{"self":[{"href":"https:\/\/agbowo.org\/artsnchill\/wp-json\/wp\/v2\/pages\/168"}],"collection":[{"href":"https:\/\/agbowo.org\/artsnchill\/wp-json\/wp\/v2\/pages"}],"about":[{"href":"https:\/\/agbowo.org\/artsnchill\/wp-json\/wp\/v2\/types\/page"}],"author":[{"embeddable":true,"href":"https:\/\/agbowo.org\/artsnchill\/wp-json\/wp\/v2\/users\/1"}],"replies":[{"embeddable":true,"href":"https:\/\/agbowo.org\/artsnchill\/wp-json\/wp\/v2\/comments?post=168"}],"version-history":[{"count":12,"href":"https:\/\/agbowo.org\/artsnchill\/wp-json\/wp\/v2\/pages\/168\/revisions"}],"predecessor-version":[{"id":806,"href":"https:\/\/agbowo.org\/artsnchill\/wp-json\/wp\/v2\/pages\/168\/revisions\/806"}],"wp:attachment":[{"href":"https:\/\/agbowo.org\/artsnchill\/wp-json\/wp\/v2\/media?parent=168"}],"curies":[{"name":"wp","href":"https:\/\/api.w.org\/{rel}","templated":true}]}}